{"id":4184,"date":"2020-02-27T14:30:47","date_gmt":"2020-02-27T14:30:47","guid":{"rendered":"https:\/\/maleatherdesign.com\/?post_type=product&#038;p=4184"},"modified":"2020-02-28T14:54:07","modified_gmt":"2020-02-28T14:54:07","slug":"shoulderbag-natural-goatskin","status":"publish","type":"product","link":"https:\/\/www.maleatherdesign.com\/de\/shop\/women\/handbag\/shoulderbag-natural-goatskin\/","title":{"rendered":"Schultertasche \/ Naturziegenleder"},"content":{"rendered":"<p>Schultertasche aus weichem Ziegenleder<\/p>\n<ul>\n<li>\u00a0Gr\u00f6sse 35x35x10 cm (LxHxT)<\/li>\n<li>\u00a0Farbe: Brown | Black | dark brown | Grey | Naturel | Camel Brown | Dull-brown<\/li>\n<li>Art des Leders: weiches Ziegenleder<\/li>\n<li>\u00a0Gro\u00dfes Fach, kleine Rei\u00dfverschluss-Fach innen<\/li>\n<li>\u00a0Rei\u00dfverschluss<\/li>\n<li>\u00a0Eine Au\u00dfentasche vorne mit Rei\u00dfverschluss<\/li>\n<li>\u00a0Schultergurt von 110 cm<\/li>\n<li>\u00a0Griff f\u00fcr die Hand<\/li>\n<\/ul>\n<p>&nbsp;<\/p>","protected":false},"excerpt":{"rendered":"<p>Die elegante praktische Schultertasche f\u00fcr Frauen verf\u00fcgt \u00fcber ein gro\u00dfes Fach, in dem Sie Ihre wichtigsten Dinge mitnehmen k\u00f6nnen, Ihr idealer Partner f\u00fcr viele Gelegenheiten.<\/p>\n","protected":false},"featured_media":4122,"comment_status":"open","ping_status":"closed","template":"","meta":[],"product_cat":[19,31,17],"product_tag":[],"class_list":["post-4184","product","type-product","status-publish","has-post-thumbnail","hentry","product_cat-handbag","product_cat-shoulder-bag","product_cat-women","pif-has-gallery"],"jetpack_sharing_enabled":true,"_links":{"self":[{"href":"https:\/\/www.maleatherdesign.com\/de\/wp-json\/wp\/v2\/product\/4184","targetHints":{"allow":["GET"]}}],"collection":[{"href":"https:\/\/www.maleatherdesign.com\/de\/wp-json\/wp\/v2\/product"}],"about":[{"href":"https:\/\/www.maleatherdesign.com\/de\/wp-json\/wp\/v2\/types\/product"}],"replies":[{"embeddable":true,"href":"https:\/\/www.maleatherdesign.com\/de\/wp-json\/wp\/v2\/comments?post=4184"}],"wp:featuredmedia":[{"embeddable":true,"href":"https:\/\/www.maleatherdesign.com\/de\/wp-json\/wp\/v2\/media\/4122"}],"wp:attachment":[{"href":"https:\/\/www.maleatherdesign.com\/de\/wp-json\/wp\/v2\/media?parent=4184"}],"wp:term":[{"taxonomy":"product_cat","embeddable":true,"href":"https:\/\/www.maleatherdesign.com\/de\/wp-json\/wp\/v2\/product_cat?post=4184"},{"taxonomy":"product_tag","embeddable":true,"href":"https:\/\/www.maleatherdesign.com\/de\/wp-json\/wp\/v2\/product_tag?post=4184"}],"curies":[{"name":"wp","href":"https:\/\/api.w.org\/{rel}","templated":true}]}}