{"id":4089,"date":"2019-03-28T20:54:53","date_gmt":"2019-03-28T20:54:53","guid":{"rendered":"https:\/\/maleatherdesign.com\/?post_type=product&#038;p=4089"},"modified":"2025-12-31T08:06:55","modified_gmt":"2025-12-31T08:06:55","slug":"backpack-trendy-cowhide","status":"publish","type":"product","link":"https:\/\/www.maleatherdesign.com\/de\/shop\/women\/back-pack\/backpack-trendy-cowhide\/","title":{"rendered":"Rucksack Tendance Rindleder"},"content":{"rendered":"<p>\u2022 Abmessungen: 29 x 33 x 13 cm (B x H x T)<br \/>\n\u2022 Material: Rindsleder<br \/>\n\u2022 Farbe: Braun | Nat\u00fcrlich | Schwarz | Blau | Gr\u00fcn | rote<br \/>\n\u2022 Ger\u00e4umiges Innenfach, das mit zwei Schnallen geschlossen wird.<br \/>\n\u2022 Innentasche mit Rei\u00dfverschluss<br \/>\n\u2022 Eine andere auf der R\u00fcckseite der Tasche Mit Rei\u00dfverschluss<br \/>\n\u2022 Verstellbare Riemen in der L\u00e4nge mit Schnallen.<br \/>\n\u2022 Griff f\u00fcr Handreichweite<\/p>","protected":false},"excerpt":{"rendered":"<p>Unisex-Rucksack aus Rindsleder, hergestellt in der handwerklichen Tradition mit einem trendigen und eleganten Design, verf\u00fcgt \u00fcber ein gro\u00dfes Aufbewahrungsfach f\u00fcr Ihre Notwendigkeiten, Computer und Dokumente. Sie k\u00f6nnen es von Hand am Griff oder auf dem R\u00fccken tragen. Ideal f\u00fcr Ihr Picknick, Wandern oder Reisen.<\/p>\n","protected":false},"featured_media":4102,"comment_status":"open","ping_status":"closed","template":"","meta":[],"product_cat":[17,30,16,20],"product_tag":[],"class_list":["post-4089","product","type-product","status-publish","has-post-thumbnail","hentry","product_cat-women","product_cat-back-pack","product_cat-men","product_cat-backpack","pif-has-gallery"],"jetpack_sharing_enabled":true,"_links":{"self":[{"href":"https:\/\/www.maleatherdesign.com\/de\/wp-json\/wp\/v2\/product\/4089","targetHints":{"allow":["GET"]}}],"collection":[{"href":"https:\/\/www.maleatherdesign.com\/de\/wp-json\/wp\/v2\/product"}],"about":[{"href":"https:\/\/www.maleatherdesign.com\/de\/wp-json\/wp\/v2\/types\/product"}],"replies":[{"embeddable":true,"href":"https:\/\/www.maleatherdesign.com\/de\/wp-json\/wp\/v2\/comments?post=4089"}],"wp:featuredmedia":[{"embeddable":true,"href":"https:\/\/www.maleatherdesign.com\/de\/wp-json\/wp\/v2\/media\/4102"}],"wp:attachment":[{"href":"https:\/\/www.maleatherdesign.com\/de\/wp-json\/wp\/v2\/media?parent=4089"}],"wp:term":[{"taxonomy":"product_cat","embeddable":true,"href":"https:\/\/www.maleatherdesign.com\/de\/wp-json\/wp\/v2\/product_cat?post=4089"},{"taxonomy":"product_tag","embeddable":true,"href":"https:\/\/www.maleatherdesign.com\/de\/wp-json\/wp\/v2\/product_tag?post=4089"}],"curies":[{"name":"wp","href":"https:\/\/api.w.org\/{rel}","templated":true}]}}