{"id":3842,"date":"2019-02-16T09:25:13","date_gmt":"2019-02-16T09:25:13","guid":{"rendered":"https:\/\/maleatherdesign.com\/?post_type=product&#038;p=3842"},"modified":"2023-04-07T16:48:31","modified_gmt":"2023-04-07T16:48:31","slug":"ma-025d-sac-a-dos-laine","status":"publish","type":"product","link":"https:\/\/www.maleatherdesign.com\/de\/shop\/women\/back-pack\/ma-025d-sac-a-dos-laine\/","title":{"rendered":"Rucksack aus Ziegenleder mit sch\u00f6ner Berberwolle"},"content":{"rendered":"<p>Sehr sch\u00f6ner Rucksack aus Ziegenleder mit wundersch\u00f6ner Berberwolle.<\/p>\n<p>Ma\u00dfe: 20 x 28 x 8 cm (LxHxT)<\/p>\n<p>\u2022 Lederart: Ziegenleder<br \/>\n\u2022 Farbe Naturel<br \/>\n\u2022 kleine Rei\u00dfverschlusstasche in der Tasche<br \/>\n\u2022 Klappenverschluss mit R\u00fcckenausschnitt<br \/>\n\u2022 Griff f\u00fcr die Hand<\/p>","protected":false},"excerpt":{"rendered":"<p>Sehr sch\u00f6ner Rucksack aus Ziegenleder, gemischt mit einer sch\u00f6nen Wolle aus Berberweberei, ideal f\u00fcr Ihre verschiedenen Ausfl\u00fcge.<\/p>\n","protected":false},"featured_media":3779,"comment_status":"open","ping_status":"closed","template":"","meta":[],"product_cat":[20,30,16,17],"product_tag":[],"class_list":["post-3842","product","type-product","status-publish","has-post-thumbnail","hentry","product_cat-backpack","product_cat-back-pack","product_cat-men","product_cat-women","pif-has-gallery"],"jetpack_sharing_enabled":true,"_links":{"self":[{"href":"https:\/\/www.maleatherdesign.com\/de\/wp-json\/wp\/v2\/product\/3842","targetHints":{"allow":["GET"]}}],"collection":[{"href":"https:\/\/www.maleatherdesign.com\/de\/wp-json\/wp\/v2\/product"}],"about":[{"href":"https:\/\/www.maleatherdesign.com\/de\/wp-json\/wp\/v2\/types\/product"}],"replies":[{"embeddable":true,"href":"https:\/\/www.maleatherdesign.com\/de\/wp-json\/wp\/v2\/comments?post=3842"}],"wp:featuredmedia":[{"embeddable":true,"href":"https:\/\/www.maleatherdesign.com\/de\/wp-json\/wp\/v2\/media\/3779"}],"wp:attachment":[{"href":"https:\/\/www.maleatherdesign.com\/de\/wp-json\/wp\/v2\/media?parent=3842"}],"wp:term":[{"taxonomy":"product_cat","embeddable":true,"href":"https:\/\/www.maleatherdesign.com\/de\/wp-json\/wp\/v2\/product_cat?post=3842"},{"taxonomy":"product_tag","embeddable":true,"href":"https:\/\/www.maleatherdesign.com\/de\/wp-json\/wp\/v2\/product_tag?post=3842"}],"curies":[{"name":"wp","href":"https:\/\/api.w.org\/{rel}","templated":true}]}}