{"id":3841,"date":"2019-02-16T09:17:04","date_gmt":"2019-02-16T09:17:04","guid":{"rendered":"https:\/\/maleatherdesign.com\/?post_type=product&#038;p=3841"},"modified":"2020-02-03T08:07:45","modified_gmt":"2020-02-03T08:07:45","slug":"ma065pf","status":"publish","type":"product","link":"https:\/\/www.maleatherdesign.com\/de\/shop\/accessories\/wallet\/ma065pf\/","title":{"rendered":"Geldb\u00f6rse mit Stylish &amp; Cool Design"},"content":{"rendered":"<p>Damengeldb\u00f6rse<\/p>\n<p>\u2022 Ma\u00dfe: H 10 cm x B 19,5 cm<br \/>\n\u2022 Farbe: Blue | Green | Gold | White | Bown | Black | Python<br \/>\n\u2022 Ledertyp: Python<br \/>\n\u2022 Trennungen<br \/>\n\u2022 Kartensteckpl\u00e4tze<br \/>\n\u2022 Geldscheintaschen<\/p>","protected":false},"excerpt":{"rendered":"<p>Schicke Geldbeutel f\u00fcr Damen aus echtem Leder mit Stylish &amp; Cool Design Ideal f\u00fcr Ihre Eink\u00e4ufe. verf\u00fcgt \u00fcber mehrere F\u00e4cher f\u00fcr Ihre karten, kleingeld, Banknoten, Ausweispapier in stilvollen, verschiedenen neuen Farben und Motive erh\u00e4ltlich<\/p>\n","protected":false},"featured_media":3882,"comment_status":"open","ping_status":"closed","template":"","meta":[],"product_cat":[18,29,33,17],"product_tag":[],"class_list":["post-3841","product","type-product","status-publish","has-post-thumbnail","hentry","product_cat-accessories","product_cat-wallet-w","product_cat-wallet","product_cat-women","pif-has-gallery"],"jetpack_sharing_enabled":true,"_links":{"self":[{"href":"https:\/\/www.maleatherdesign.com\/de\/wp-json\/wp\/v2\/product\/3841","targetHints":{"allow":["GET"]}}],"collection":[{"href":"https:\/\/www.maleatherdesign.com\/de\/wp-json\/wp\/v2\/product"}],"about":[{"href":"https:\/\/www.maleatherdesign.com\/de\/wp-json\/wp\/v2\/types\/product"}],"replies":[{"embeddable":true,"href":"https:\/\/www.maleatherdesign.com\/de\/wp-json\/wp\/v2\/comments?post=3841"}],"wp:featuredmedia":[{"embeddable":true,"href":"https:\/\/www.maleatherdesign.com\/de\/wp-json\/wp\/v2\/media\/3882"}],"wp:attachment":[{"href":"https:\/\/www.maleatherdesign.com\/de\/wp-json\/wp\/v2\/media?parent=3841"}],"wp:term":[{"taxonomy":"product_cat","embeddable":true,"href":"https:\/\/www.maleatherdesign.com\/de\/wp-json\/wp\/v2\/product_cat?post=3841"},{"taxonomy":"product_tag","embeddable":true,"href":"https:\/\/www.maleatherdesign.com\/de\/wp-json\/wp\/v2\/product_tag?post=3841"}],"curies":[{"name":"wp","href":"https:\/\/api.w.org\/{rel}","templated":true}]}}