{"id":3501,"date":"2019-02-17T21:39:01","date_gmt":"2019-02-17T21:39:01","guid":{"rendered":"https:\/\/maleatherdesign.com\/?post_type=product&#038;p=3501"},"modified":"2023-04-07T16:48:31","modified_gmt":"2023-04-07T16:48:31","slug":"travel-bag-with-rolling-system-ma060svr-1","status":"publish","type":"product","link":"https:\/\/www.maleatherdesign.com\/de\/shop\/women\/travelbag\/travel-bag-with-rolling-system-ma060svr-1\/","title":{"rendered":"Reisetasche mit Rollsystem"},"content":{"rendered":"<p>\u2022 Abmessungen: 50x30x10 cm (BxHxT)<br \/>\n\u2022 Ledertyp: Ziege<\/p>\n<p>\u2022 Farbe: Naturel | Black | Brown | Dark Brown<br \/>\n\u2022 Ein ger\u00e4umiges Hauptfach<br \/>\n\u2022 2 Rei\u00dfverschlusstaschen an den Seiten<br \/>\n\u2022 Rei\u00dfverschluss oben<br \/>\n\u2022 2 Handgriff zum Tragen<br \/>\n\u2022 Innentasche Mit Rei\u00dfverschluss<br \/>\n\u2022 Rollsystem f\u00fcr einfachen Transport<\/p>","protected":false},"excerpt":{"rendered":"<p>Sehr sch\u00f6ne Reisetasche, Ihr idealer Begleiter f\u00fcr Ihre Reisen, verf\u00fcgt \u00fcber ein gro\u00dfes Fach f\u00fcr Ihre Kleidung und das N\u00f6tigste f\u00fcr Ihre Reise, Verf\u00fcgt \u00fcber ein Rollsystem, um Ihre Bewegung zu erleichtern.<\/p>\n","protected":false},"featured_media":3502,"comment_status":"open","ping_status":"closed","template":"","meta":[],"product_cat":[17,28,16,25],"product_tag":[],"class_list":["post-3501","product","type-product","status-publish","has-post-thumbnail","hentry","product_cat-women","product_cat-travelbag","product_cat-men","product_cat-travel-bag","pif-has-gallery"],"jetpack_sharing_enabled":true,"_links":{"self":[{"href":"https:\/\/www.maleatherdesign.com\/de\/wp-json\/wp\/v2\/product\/3501","targetHints":{"allow":["GET"]}}],"collection":[{"href":"https:\/\/www.maleatherdesign.com\/de\/wp-json\/wp\/v2\/product"}],"about":[{"href":"https:\/\/www.maleatherdesign.com\/de\/wp-json\/wp\/v2\/types\/product"}],"replies":[{"embeddable":true,"href":"https:\/\/www.maleatherdesign.com\/de\/wp-json\/wp\/v2\/comments?post=3501"}],"wp:featuredmedia":[{"embeddable":true,"href":"https:\/\/www.maleatherdesign.com\/de\/wp-json\/wp\/v2\/media\/3502"}],"wp:attachment":[{"href":"https:\/\/www.maleatherdesign.com\/de\/wp-json\/wp\/v2\/media?parent=3501"}],"wp:term":[{"taxonomy":"product_cat","embeddable":true,"href":"https:\/\/www.maleatherdesign.com\/de\/wp-json\/wp\/v2\/product_cat?post=3501"},{"taxonomy":"product_tag","embeddable":true,"href":"https:\/\/www.maleatherdesign.com\/de\/wp-json\/wp\/v2\/product_tag?post=3501"}],"curies":[{"name":"wp","href":"https:\/\/api.w.org\/{rel}","templated":true}]}}