{"id":3450,"date":"2019-02-16T18:41:19","date_gmt":"2019-02-16T18:41:19","guid":{"rendered":"https:\/\/maleatherdesign.com\/?post_type=product&#038;p=3450"},"modified":"2023-04-07T16:48:39","modified_gmt":"2023-04-07T16:48:39","slug":"wallet-ma-033pf-2","status":"publish","type":"product","link":"https:\/\/www.maleatherdesign.com\/de\/shop\/accessories\/wallet\/wallet-ma-033pf-2\/","title":{"rendered":"Multifunktional Geldbeutel"},"content":{"rendered":"<p><\/p>\n<p style=\"text-align: left\">Damen Geldb\u00f6rse aus echtem Leder mit F\u00e4chern f\u00fcr Smartphone, Karten, Banknoten und M\u00fcnzen<br \/>\n\u2022 Abmessungen (geschlossener Geldbeutel): H 10 cm x B 19,5 cm<br \/>\n\u2022 Farbe: Red | Orange | Black | Jellow | Braun | Snake | Sky blue | Green | Blue | Purple<br \/>\n\u2022 Art des Leders: Ziegenleder<br \/>\n\u2022 1 Rei\u00dfverschlusstasche f\u00fcr Smartphone<br \/>\n\u2022 1 Tasche mit Fenster<br \/>\n\u2022 10 Kartensteckpl\u00e4tze<br \/>\n\u2022 2 Taschen f\u00fcr Banknoten<\/p>\n<p><\/p>","protected":false},"excerpt":{"rendered":"<p>Schicke Geldbeutel f\u00fcr Damen aus echtem Leder mit Stylish &amp; Cool Design Ideal f\u00fcr Ihre Eink\u00e4ufe. verf\u00fcgt \u00fcber mehrere F\u00e4cher f\u00fcr Ihre karten, kleingeld, Banknoten, Ausweispapier und Handy. in stilvollen, verschiedenen neuen Farben und Motive erh\u00e4ltlich.<\/p>\n","protected":false},"featured_media":3648,"comment_status":"open","ping_status":"closed","template":"","meta":[],"product_cat":[18,29,33,17],"product_tag":[],"class_list":["post-3450","product","type-product","status-publish","has-post-thumbnail","hentry","product_cat-accessories","product_cat-wallet-w","product_cat-wallet","product_cat-women","pif-has-gallery"],"jetpack_sharing_enabled":true,"_links":{"self":[{"href":"https:\/\/www.maleatherdesign.com\/de\/wp-json\/wp\/v2\/product\/3450","targetHints":{"allow":["GET"]}}],"collection":[{"href":"https:\/\/www.maleatherdesign.com\/de\/wp-json\/wp\/v2\/product"}],"about":[{"href":"https:\/\/www.maleatherdesign.com\/de\/wp-json\/wp\/v2\/types\/product"}],"replies":[{"embeddable":true,"href":"https:\/\/www.maleatherdesign.com\/de\/wp-json\/wp\/v2\/comments?post=3450"}],"wp:featuredmedia":[{"embeddable":true,"href":"https:\/\/www.maleatherdesign.com\/de\/wp-json\/wp\/v2\/media\/3648"}],"wp:attachment":[{"href":"https:\/\/www.maleatherdesign.com\/de\/wp-json\/wp\/v2\/media?parent=3450"}],"wp:term":[{"taxonomy":"product_cat","embeddable":true,"href":"https:\/\/www.maleatherdesign.com\/de\/wp-json\/wp\/v2\/product_cat?post=3450"},{"taxonomy":"product_tag","embeddable":true,"href":"https:\/\/www.maleatherdesign.com\/de\/wp-json\/wp\/v2\/product_tag?post=3450"}],"curies":[{"name":"wp","href":"https:\/\/api.w.org\/{rel}","templated":true}]}}