{"id":3432,"date":"2018-12-10T22:25:26","date_gmt":"2018-12-10T22:25:26","guid":{"rendered":"https:\/\/maleatherdesign.com\/?post_type=product&#038;p=3432"},"modified":"2023-04-07T16:48:31","modified_gmt":"2023-04-07T16:48:31","slug":"ma-067sd-1-trendy-and-elegant-small-backpack","status":"publish","type":"product","link":"https:\/\/www.maleatherdesign.com\/de\/shop\/women\/back-pack\/ma-067sd-1-trendy-and-elegant-small-backpack\/","title":{"rendered":"Trendy und stylish kleiner Rucksack"},"content":{"rendered":"<p><\/p>\n<ul>\n<li>Ma\u00dfe: 27 x 23 x 8cm (LxHxT)<\/li>\n<li>Lederart: Ziegenleder<\/li>\n<li>Farbe: Blue | Red | Naturel | Green | Brown | Black | Dark Brown | Purple | Orange<\/li>\n<li>Rei\u00dfverschlusstasche auf der R\u00fcckseite<\/li>\n<li>Rei\u00dfverschluss oben<\/li>\n<li>Verstellbare Schultergurte mit Schnallen<\/li>\n<li>Tragegriff f\u00fcr die Hand<\/li>\n<\/ul>\n<p><\/p>","protected":false},"excerpt":{"rendered":"<p>Trendy und stylish kleiner Rucksack aus angenehm weichem Material mit leichtem Glanz gefertigt, ideal f\u00fcr Ihre spazierg\u00e4nge und Ausfl\u00fcge. in verschiedenen farben erh\u00e4ltlich.<\/p>\n","protected":false},"featured_media":3443,"comment_status":"open","ping_status":"closed","template":"","meta":[],"product_cat":[30,17],"product_tag":[],"class_list":["post-3432","product","type-product","status-publish","has-post-thumbnail","hentry","product_cat-back-pack","product_cat-women","pif-has-gallery"],"jetpack_sharing_enabled":true,"_links":{"self":[{"href":"https:\/\/www.maleatherdesign.com\/de\/wp-json\/wp\/v2\/product\/3432","targetHints":{"allow":["GET"]}}],"collection":[{"href":"https:\/\/www.maleatherdesign.com\/de\/wp-json\/wp\/v2\/product"}],"about":[{"href":"https:\/\/www.maleatherdesign.com\/de\/wp-json\/wp\/v2\/types\/product"}],"replies":[{"embeddable":true,"href":"https:\/\/www.maleatherdesign.com\/de\/wp-json\/wp\/v2\/comments?post=3432"}],"wp:featuredmedia":[{"embeddable":true,"href":"https:\/\/www.maleatherdesign.com\/de\/wp-json\/wp\/v2\/media\/3443"}],"wp:attachment":[{"href":"https:\/\/www.maleatherdesign.com\/de\/wp-json\/wp\/v2\/media?parent=3432"}],"wp:term":[{"taxonomy":"product_cat","embeddable":true,"href":"https:\/\/www.maleatherdesign.com\/de\/wp-json\/wp\/v2\/product_cat?post=3432"},{"taxonomy":"product_tag","embeddable":true,"href":"https:\/\/www.maleatherdesign.com\/de\/wp-json\/wp\/v2\/product_tag?post=3432"}],"curies":[{"name":"wp","href":"https:\/\/api.w.org\/{rel}","templated":true}]}}