{"id":3350,"date":"2019-02-25T22:47:14","date_gmt":"2019-02-25T22:47:14","guid":{"rendered":"https:\/\/maleatherdesign.com\/?post_type=product&#038;p=3350"},"modified":"2023-04-07T16:48:31","modified_gmt":"2023-04-07T16:48:31","slug":"business-bag-ma-040c","status":"publish","type":"product","link":"https:\/\/www.maleatherdesign.com\/de\/shop\/women\/satchel\/business-bag-ma-040c\/","title":{"rendered":"Aktentasche\/Businesstasche"},"content":{"rendered":"<p>\u2022 Aktentasche: L: 38 x H: 28 x T: 8 cm<br \/>\n\u2022 Ledertyp: weiches ziegenleder<br \/>\n\u2022 Farbe: Naturel | Black | Brown<br \/>\n\u2022 Verstellbarer Schultergurt<\/p>\n<p>\u2022 Rei\u00dfverschluss-Fach innen<br \/>\n\u2022 Rei\u00dfverschluss\u00f6ffnung oben<br \/>\n\u2022 2 Tragegriffe<\/p>","protected":false},"excerpt":{"rendered":"<p>halb geflochten Aktentasche aus weichem Ziegenleder mit einem Griff f\u00fcr die Hand und einem verstellbaren Schultergurt aus Leder f\u00fcr die Schulter, abnehmbar mit Karabinerhaken, hat eine Innentasche mit Rei\u00dfverschluss, das innere Teil ist mit gepolsterten Stoff bezogen, Ideal zum Tragen von Dokumenten und eines Tablets oder eines Laptops 15 Zoll.<\/p>\n","protected":false},"featured_media":3384,"comment_status":"open","ping_status":"closed","template":"","meta":[],"product_cat":[16,27,32,17],"product_tag":[],"class_list":["post-3350","product","type-product","status-publish","has-post-thumbnail","hentry","product_cat-men","product_cat-satchels","product_cat-satchel","product_cat-women"],"jetpack_sharing_enabled":true,"_links":{"self":[{"href":"https:\/\/www.maleatherdesign.com\/de\/wp-json\/wp\/v2\/product\/3350","targetHints":{"allow":["GET"]}}],"collection":[{"href":"https:\/\/www.maleatherdesign.com\/de\/wp-json\/wp\/v2\/product"}],"about":[{"href":"https:\/\/www.maleatherdesign.com\/de\/wp-json\/wp\/v2\/types\/product"}],"replies":[{"embeddable":true,"href":"https:\/\/www.maleatherdesign.com\/de\/wp-json\/wp\/v2\/comments?post=3350"}],"wp:featuredmedia":[{"embeddable":true,"href":"https:\/\/www.maleatherdesign.com\/de\/wp-json\/wp\/v2\/media\/3384"}],"wp:attachment":[{"href":"https:\/\/www.maleatherdesign.com\/de\/wp-json\/wp\/v2\/media?parent=3350"}],"wp:term":[{"taxonomy":"product_cat","embeddable":true,"href":"https:\/\/www.maleatherdesign.com\/de\/wp-json\/wp\/v2\/product_cat?post=3350"},{"taxonomy":"product_tag","embeddable":true,"href":"https:\/\/www.maleatherdesign.com\/de\/wp-json\/wp\/v2\/product_tag?post=3350"}],"curies":[{"name":"wp","href":"https:\/\/api.w.org\/{rel}","templated":true}]}}