{"id":3333,"date":"2018-12-04T22:42:36","date_gmt":"2018-12-04T22:42:36","guid":{"rendered":"https:\/\/maleatherdesign.com\/?post_type=product&#038;p=3333"},"modified":"2019-02-16T16:29:02","modified_gmt":"2019-02-16T16:29:02","slug":"ma-064c-1-satchel-leather-business-bag","status":"publish","type":"product","link":"https:\/\/www.maleatherdesign.com\/de\/shop\/women\/satchel\/ma-064c-1-satchel-leather-business-bag\/","title":{"rendered":"MA-064C-1 Leder Aktentasche\/ Bussinesstasche"},"content":{"rendered":"<p>Leder Aktentasche\/ Bussinesstasche<\/p>\n<ul>\n<li>grosses Format L: 45xH: 32xP: 12<\/li>\n<li>Lederart: Rindsleder<\/li>\n<li>Farbe:<\/li>\n<li>Verstellbarer und abnehmbarer Schultergurt mit Karabinern<\/li>\n<li>\u00a0Rei\u00dfverschlusstasche auf der R\u00fcckseite<\/li>\n<li>Rei\u00dfverschlusstasche vorne<\/li>\n<li>Gro\u00dfe Fronttasche mit Kreditkartenfach und Stiften<\/li>\n<li>1 Schl\u00fcsselverschluss<\/li>\n<li>1 Griff f\u00fcr Handreichweite<\/li>\n<li>\u00a02 F\u00e4cher<\/li>\n<li>\u00a01 zentrales Fach mit Rei\u00dfverschluss &#8222;<\/li>\n<\/ul>\n<p><\/p>","protected":false},"excerpt":{"rendered":"<p>Sch\u00f6ne Aktentasche aus Kalbsleder mit einem Griff f\u00fcr die Hand und einem verstellbaren Schultergurt aus Leder f\u00fcr die Schulter, abnehmbar mit Karabinerhaken, hat ein inner zentrales Fach mit Rei\u00dfverschluss, Ideal zum Tragen von Dokumenten, B\u00fccher, Tablets und Laptops 15 Zoll.<\/p>\n","protected":false},"featured_media":3365,"comment_status":"open","ping_status":"closed","template":"","meta":[],"product_cat":[17,32,16,27],"product_tag":[],"class_list":["post-3333","product","type-product","status-publish","has-post-thumbnail","hentry","product_cat-women","product_cat-satchel","product_cat-men","product_cat-satchels","pif-has-gallery"],"jetpack_sharing_enabled":true,"_links":{"self":[{"href":"https:\/\/www.maleatherdesign.com\/de\/wp-json\/wp\/v2\/product\/3333","targetHints":{"allow":["GET"]}}],"collection":[{"href":"https:\/\/www.maleatherdesign.com\/de\/wp-json\/wp\/v2\/product"}],"about":[{"href":"https:\/\/www.maleatherdesign.com\/de\/wp-json\/wp\/v2\/types\/product"}],"replies":[{"embeddable":true,"href":"https:\/\/www.maleatherdesign.com\/de\/wp-json\/wp\/v2\/comments?post=3333"}],"wp:featuredmedia":[{"embeddable":true,"href":"https:\/\/www.maleatherdesign.com\/de\/wp-json\/wp\/v2\/media\/3365"}],"wp:attachment":[{"href":"https:\/\/www.maleatherdesign.com\/de\/wp-json\/wp\/v2\/media?parent=3333"}],"wp:term":[{"taxonomy":"product_cat","embeddable":true,"href":"https:\/\/www.maleatherdesign.com\/de\/wp-json\/wp\/v2\/product_cat?post=3333"},{"taxonomy":"product_tag","embeddable":true,"href":"https:\/\/www.maleatherdesign.com\/de\/wp-json\/wp\/v2\/product_tag?post=3333"}],"curies":[{"name":"wp","href":"https:\/\/api.w.org\/{rel}","templated":true}]}}