{"id":3254,"date":"2019-02-23T23:03:01","date_gmt":"2019-02-23T23:03:01","guid":{"rendered":"https:\/\/maleatherdesign.com\/?post_type=product&#038;p=3254"},"modified":"2023-04-07T16:48:31","modified_gmt":"2023-04-07T16:48:31","slug":"snake-handbag-ma-054sb-1","status":"publish","type":"product","link":"https:\/\/www.maleatherdesign.com\/de\/shop\/women\/shoulder-bag\/snake-handbag-ma-054sb-1\/","title":{"rendered":"Schlange Umh\u00e4ngetasche"},"content":{"rendered":"<p>Damen Leder Umh\u00e4ngetasche<\/p>\n<ul>\n<li>Abmessung: 29x20x7 cm (BxHxT)<\/li>\n<li>Farbe: Camel Brown | Brown | Dark Brown | Blue | Black | Naturel<\/li>\n<li>Lederart: Rindsleder<\/li>\n<li>kleines Fach<\/li>\n<li>Magnetverschluss<\/li>\n<li>Au\u00dfentaschen auf der Vorderseite<\/li>\n<li>1 \u00a0Eine weitere Tasche auf der R\u00fcckseite mit Rei\u00dfverschluss<\/li>\n<li>1 \u00a0Innentasche mit Rei\u00dfverschluss<\/li>\n<li>Abnehmbarer Schultergurt in der L\u00e4nge verstellbar<\/li>\n<\/ul>\n<p><\/p>","protected":false},"excerpt":{"rendered":"<p>Sehr schicke Umh\u00e4ngetasche mit Schlangenleder, ideal f\u00fcr Ihre Handy-Geldb\u00f6rse und kleine Gegenst\u00e4nde f\u00fcr den t\u00e4glichen Gebrauch.<\/p>\n","protected":false},"featured_media":4082,"comment_status":"open","ping_status":"closed","template":"","meta":[],"product_cat":[31,17],"product_tag":[],"class_list":["post-3254","product","type-product","status-publish","has-post-thumbnail","hentry","product_cat-shoulder-bag","product_cat-women","pif-has-gallery"],"jetpack_sharing_enabled":true,"_links":{"self":[{"href":"https:\/\/www.maleatherdesign.com\/de\/wp-json\/wp\/v2\/product\/3254","targetHints":{"allow":["GET"]}}],"collection":[{"href":"https:\/\/www.maleatherdesign.com\/de\/wp-json\/wp\/v2\/product"}],"about":[{"href":"https:\/\/www.maleatherdesign.com\/de\/wp-json\/wp\/v2\/types\/product"}],"replies":[{"embeddable":true,"href":"https:\/\/www.maleatherdesign.com\/de\/wp-json\/wp\/v2\/comments?post=3254"}],"wp:featuredmedia":[{"embeddable":true,"href":"https:\/\/www.maleatherdesign.com\/de\/wp-json\/wp\/v2\/media\/4082"}],"wp:attachment":[{"href":"https:\/\/www.maleatherdesign.com\/de\/wp-json\/wp\/v2\/media?parent=3254"}],"wp:term":[{"taxonomy":"product_cat","embeddable":true,"href":"https:\/\/www.maleatherdesign.com\/de\/wp-json\/wp\/v2\/product_cat?post=3254"},{"taxonomy":"product_tag","embeddable":true,"href":"https:\/\/www.maleatherdesign.com\/de\/wp-json\/wp\/v2\/product_tag?post=3254"}],"curies":[{"name":"wp","href":"https:\/\/api.w.org\/{rel}","templated":true}]}}