{"id":3222,"date":"2019-02-26T01:40:22","date_gmt":"2019-02-26T01:40:22","guid":{"rendered":"https:\/\/maleatherdesign.com\/?post_type=product&#038;p=3222"},"modified":"2019-08-28T09:32:57","modified_gmt":"2019-08-28T09:32:57","slug":"cartable-ma052c","status":"publish","type":"product","link":"https:\/\/www.maleatherdesign.com\/de\/shop\/women\/satchel\/cartable-ma052c\/","title":{"rendered":"Leder Aktentasche\/ Businesstasche"},"content":{"rendered":"<p><\/p>\n<ul>\n<li>Leder Aktentasche\/ Businesstasche<\/li>\n<li>Abemessunge: \u00a0L: 45 x H: 35 x T: 8\/10<\/li>\n<li>Lederart: Rindsleder<\/li>\n<li>Farbe: naturfarbe\u00a0Naturel | Brown | Blue | Dark Brown | Dark naturel | Black<\/li>\n<li>Verstellbarer und abnehmbarer Schultergurt mit Karabinern<\/li>\n<li>Rei\u00dfverschlusstasche hinten<\/li>\n<li>3 Fronttaschen mit Rei\u00dfverschluss<\/li>\n<li>3 Verschluss mit Schl\u00fcssel vorne<\/li>\n<li>1 Handgriff<\/li>\n<li>\u00a02 F\u00e4cher<\/li>\n<li>1 zentrales Fach mit Rei\u00dfverschluss<\/li>\n<\/ul>\n<p><\/p>","protected":false},"excerpt":{"rendered":"<p>Sch\u00f6ne Aktentasche aus Kalbsleder mit einem Griff f\u00fcr die Hand und einem verstellbaren Schultergurt aus Leder f\u00fcr die Schulter, abnehmbar mit Karabinerhaken, hat ein inner zentrales Fach mit Rei\u00dfverschluss, Ideal zum Tragen von Dokumenten und eines Tablets oder eines Laptops 15 Zoll.<\/p>\n","protected":false},"featured_media":3374,"comment_status":"open","ping_status":"closed","template":"","meta":[],"product_cat":[17,32,16,27],"product_tag":[],"class_list":["post-3222","product","type-product","status-publish","has-post-thumbnail","hentry","product_cat-women","product_cat-satchel","product_cat-men","product_cat-satchels","pif-has-gallery"],"jetpack_sharing_enabled":true,"_links":{"self":[{"href":"https:\/\/www.maleatherdesign.com\/de\/wp-json\/wp\/v2\/product\/3222","targetHints":{"allow":["GET"]}}],"collection":[{"href":"https:\/\/www.maleatherdesign.com\/de\/wp-json\/wp\/v2\/product"}],"about":[{"href":"https:\/\/www.maleatherdesign.com\/de\/wp-json\/wp\/v2\/types\/product"}],"replies":[{"embeddable":true,"href":"https:\/\/www.maleatherdesign.com\/de\/wp-json\/wp\/v2\/comments?post=3222"}],"wp:featuredmedia":[{"embeddable":true,"href":"https:\/\/www.maleatherdesign.com\/de\/wp-json\/wp\/v2\/media\/3374"}],"wp:attachment":[{"href":"https:\/\/www.maleatherdesign.com\/de\/wp-json\/wp\/v2\/media?parent=3222"}],"wp:term":[{"taxonomy":"product_cat","embeddable":true,"href":"https:\/\/www.maleatherdesign.com\/de\/wp-json\/wp\/v2\/product_cat?post=3222"},{"taxonomy":"product_tag","embeddable":true,"href":"https:\/\/www.maleatherdesign.com\/de\/wp-json\/wp\/v2\/product_tag?post=3222"}],"curies":[{"name":"wp","href":"https:\/\/api.w.org\/{rel}","templated":true}]}}