{"id":3217,"date":"2019-02-27T01:14:31","date_gmt":"2019-02-27T01:14:31","guid":{"rendered":"https:\/\/maleatherdesign.com\/?post_type=product&#038;p=3217"},"modified":"2023-04-07T16:48:39","modified_gmt":"2023-04-07T16:48:39","slug":"sac-a-dos-ma044sd","status":"publish","type":"product","link":"https:\/\/www.maleatherdesign.com\/de\/shop\/women\/back-pack\/sac-a-dos-ma044sd\/","title":{"rendered":"Partner Rucksack \/ ziegenleder"},"content":{"rendered":"<p>Sehr sch\u00f6ner und robuster Rucksack. 100% weiches ziegenleder<\/p>\n<ul>\n<li>Abmessungen: 30 x 38 x 10 cm (LxHxT)<\/li>\n<li>Material: ziegenleder<\/li>\n<li>Farbe: Brown | Naturel | Black | Dark Brown<\/li>\n<li>Ein ger\u00e4umiges Fach mit zwei Schnallen<\/li>\n<li>Au\u00dfentasche vorne mit einem Schnallenverschluss<\/li>\n<li>Rei\u00dfverschlusstasche auf der R\u00fcckseite<\/li>\n<li>Verstellbare Schultergurte mit Schnallen<\/li>\n<li>Griff f\u00fcr die Hand<\/li>\n<\/ul>\n<p><\/p>","protected":false},"excerpt":{"rendered":"<p>Sch\u00f6ner Rucksack mit coolem, trendigem &amp; stilvollem Design &#8211; ideal zum Tragen all Ihrer wichtigsten Sachen wie Kleidung, Dokumente, Laptop oder Tablet. Sie k\u00f6nnen es von Hand am Griff oder auf der R\u00fcckseite tragen. Diese Tasche ist aus einem sch\u00f6nen Ziegenleder gefertigt, ideal f\u00fcr Ihr Picknick oder Ihre Ausfl\u00fcge.<\/p>\n","protected":false},"featured_media":3381,"comment_status":"open","ping_status":"closed","template":"","meta":[],"product_cat":[20,30,16,17],"product_tag":[],"class_list":["post-3217","product","type-product","status-publish","has-post-thumbnail","hentry","product_cat-backpack","product_cat-back-pack","product_cat-men","product_cat-women","pif-has-gallery"],"jetpack_sharing_enabled":true,"_links":{"self":[{"href":"https:\/\/www.maleatherdesign.com\/de\/wp-json\/wp\/v2\/product\/3217","targetHints":{"allow":["GET"]}}],"collection":[{"href":"https:\/\/www.maleatherdesign.com\/de\/wp-json\/wp\/v2\/product"}],"about":[{"href":"https:\/\/www.maleatherdesign.com\/de\/wp-json\/wp\/v2\/types\/product"}],"replies":[{"embeddable":true,"href":"https:\/\/www.maleatherdesign.com\/de\/wp-json\/wp\/v2\/comments?post=3217"}],"wp:featuredmedia":[{"embeddable":true,"href":"https:\/\/www.maleatherdesign.com\/de\/wp-json\/wp\/v2\/media\/3381"}],"wp:attachment":[{"href":"https:\/\/www.maleatherdesign.com\/de\/wp-json\/wp\/v2\/media?parent=3217"}],"wp:term":[{"taxonomy":"product_cat","embeddable":true,"href":"https:\/\/www.maleatherdesign.com\/de\/wp-json\/wp\/v2\/product_cat?post=3217"},{"taxonomy":"product_tag","embeddable":true,"href":"https:\/\/www.maleatherdesign.com\/de\/wp-json\/wp\/v2\/product_tag?post=3217"}],"curies":[{"name":"wp","href":"https:\/\/api.w.org\/{rel}","templated":true}]}}