{"id":3216,"date":"2019-02-22T01:10:50","date_gmt":"2019-02-22T01:10:50","guid":{"rendered":"https:\/\/maleatherdesign.com\/?post_type=product&#038;p=3216"},"modified":"2025-05-24T06:48:41","modified_gmt":"2025-05-24T06:48:41","slug":"porte-feuille-ma-032pf","status":"publish","type":"product","link":"https:\/\/www.maleatherdesign.com\/de\/shop\/accessories\/wallet\/porte-feuille-ma-032pf\/","title":{"rendered":"Leder Damengeldb\u00f6rse"},"content":{"rendered":"<p>Damengeldb\u00f6rse<\/p>\n<ul>\n<li>Ma\u00dfe: H 10 cm x L 19,5 cm<\/li>\n<li>Farbe: Red | Bleu | Orange | Jellow | Black | Brown<\/li>\n<li>Ledertyp: Ziegenleder<\/li>\n<li>\u00a0Zip-Trennung<\/li>\n<li>Trennungen<\/li>\n<li>Kartensteckpl\u00e4tze<\/li>\n<li>Geldscheintaschen<\/li>\n<\/ul>\n<p><\/p>","protected":false},"excerpt":{"rendered":"<p>Schicke Geldbeutel f\u00fcr Damen aus echtem Leder mit Stylish &amp; Cool Design Ideal f\u00fcr Ihre Eink\u00e4ufe. verf\u00fcgt \u00fcber mehrere F\u00e4cher f\u00fcr Ihre karten, kleingeld, Banknoten, Ausweispapier und Handy. in stilvollen, verschiedenen neuen Farben und Motive erh\u00e4ltlich.<\/p>\n","protected":false},"featured_media":3385,"comment_status":"open","ping_status":"closed","template":"","meta":[],"product_cat":[17,29,18,33],"product_tag":[],"class_list":["post-3216","product","type-product","status-publish","has-post-thumbnail","hentry","product_cat-women","product_cat-wallet-w","product_cat-accessories","product_cat-wallet","pif-has-gallery"],"jetpack_sharing_enabled":true,"_links":{"self":[{"href":"https:\/\/www.maleatherdesign.com\/de\/wp-json\/wp\/v2\/product\/3216","targetHints":{"allow":["GET"]}}],"collection":[{"href":"https:\/\/www.maleatherdesign.com\/de\/wp-json\/wp\/v2\/product"}],"about":[{"href":"https:\/\/www.maleatherdesign.com\/de\/wp-json\/wp\/v2\/types\/product"}],"replies":[{"embeddable":true,"href":"https:\/\/www.maleatherdesign.com\/de\/wp-json\/wp\/v2\/comments?post=3216"}],"wp:featuredmedia":[{"embeddable":true,"href":"https:\/\/www.maleatherdesign.com\/de\/wp-json\/wp\/v2\/media\/3385"}],"wp:attachment":[{"href":"https:\/\/www.maleatherdesign.com\/de\/wp-json\/wp\/v2\/media?parent=3216"}],"wp:term":[{"taxonomy":"product_cat","embeddable":true,"href":"https:\/\/www.maleatherdesign.com\/de\/wp-json\/wp\/v2\/product_cat?post=3216"},{"taxonomy":"product_tag","embeddable":true,"href":"https:\/\/www.maleatherdesign.com\/de\/wp-json\/wp\/v2\/product_tag?post=3216"}],"curies":[{"name":"wp","href":"https:\/\/api.w.org\/{rel}","templated":true}]}}