{"id":3215,"date":"2018-11-28T01:06:01","date_gmt":"2018-11-28T01:06:01","guid":{"rendered":"https:\/\/maleatherdesign.com\/?post_type=product&#038;p=3215"},"modified":"2024-07-11T16:59:40","modified_gmt":"2024-07-11T16:59:40","slug":"sac-a-main-berbere-ma-022s","status":"publish","type":"product","link":"https:\/\/www.maleatherdesign.com\/de\/shop\/women\/handbag\/sac-a-main-berbere-ma-022s\/","title":{"rendered":"Sac \u00e0 main berb\u00e8re MA-022S"},"content":{"rendered":"<p><\/p>\n<ul>\n<li>Abmessung: 45&#215;34 x 16 cm (LxHxB)<\/li>\n<li>Leder Typ: Ziegenleder weich<\/li>\n<li>\u00a0Farbe: schwarz \u2022 Rei\u00dfverschluss<\/li>\n<li>\u00a0Rei\u00dfverschluss-Fach in der Tasche<\/li>\n<li>\u00a0Stofffutter von sehr guter Qualit\u00e4t<\/li>\n<li>2 Griffe f\u00fcr die Hand<\/li>\n<\/ul>\n<p><\/p>","protected":false},"excerpt":{"rendered":"<p>Gro\u00dfe, sch\u00f6ne marokkanische Reisetasche aus Ziegenleder, gemischt mit einer sch\u00f6nen Wolle aus Berberweberei, verf\u00fcgt \u00fcber ein gro\u00dfes Fach, in dem Sie alle wichtigen Dinge einlegen k\u00f6nnen.<\/p>\n","protected":false},"featured_media":3367,"comment_status":"open","ping_status":"closed","template":"","meta":[],"product_cat":[19],"product_tag":[],"class_list":["post-3215","product","type-product","status-publish","has-post-thumbnail","hentry","product_cat-handbag","pif-has-gallery"],"jetpack_sharing_enabled":true,"_links":{"self":[{"href":"https:\/\/www.maleatherdesign.com\/de\/wp-json\/wp\/v2\/product\/3215","targetHints":{"allow":["GET"]}}],"collection":[{"href":"https:\/\/www.maleatherdesign.com\/de\/wp-json\/wp\/v2\/product"}],"about":[{"href":"https:\/\/www.maleatherdesign.com\/de\/wp-json\/wp\/v2\/types\/product"}],"replies":[{"embeddable":true,"href":"https:\/\/www.maleatherdesign.com\/de\/wp-json\/wp\/v2\/comments?post=3215"}],"wp:featuredmedia":[{"embeddable":true,"href":"https:\/\/www.maleatherdesign.com\/de\/wp-json\/wp\/v2\/media\/3367"}],"wp:attachment":[{"href":"https:\/\/www.maleatherdesign.com\/de\/wp-json\/wp\/v2\/media?parent=3215"}],"wp:term":[{"taxonomy":"product_cat","embeddable":true,"href":"https:\/\/www.maleatherdesign.com\/de\/wp-json\/wp\/v2\/product_cat?post=3215"},{"taxonomy":"product_tag","embeddable":true,"href":"https:\/\/www.maleatherdesign.com\/de\/wp-json\/wp\/v2\/product_tag?post=3215"}],"curies":[{"name":"wp","href":"https:\/\/api.w.org\/{rel}","templated":true}]}}