{"id":3212,"date":"2018-11-28T00:30:04","date_gmt":"2018-11-28T00:30:04","guid":{"rendered":"https:\/\/maleatherdesign.com\/?post_type=product&#038;p=3212"},"modified":"2023-04-07T16:48:39","modified_gmt":"2023-04-07T16:48:39","slug":"sac-de-voyage-ma-018v","status":"publish","type":"product","link":"https:\/\/www.maleatherdesign.com\/de\/shop\/women\/travelbag\/sac-de-voyage-ma-018v\/","title":{"rendered":"Rindleder Reisetasche"},"content":{"rendered":"<p>Sehr sch\u00f6ne und robuste Reisetasche<\/p>\n<ul>\n<li>\u00a0Ma\u00dfe: 46x32x25 cm (LxHxl)<\/li>\n<li>\u00a0Art des Leders: Rindleder<\/li>\n<li>\u00a0Ein ger\u00e4umiges Hauptfach<\/li>\n<li>\u00a0Eine Rei\u00dfverschluss-Fach innen<\/li>\n<li>Eine Rei\u00dfverschluss-Fach auf der R\u00fcckseite<\/li>\n<li>\u00a0Verschluss mit 2 Schnallen<\/li>\n<li>\u00a0Schultergurt in der L\u00e4nge verstellbar<\/li>\n<li>Rei\u00dfverschluss mit 2 Handgriffen<\/li>\n<li>\u00a0Au\u00dfentasche mit Schnallenverschluss<\/li>\n<\/ul>\n<p><\/p>","protected":false},"excerpt":{"rendered":"<p>Sehr sch\u00f6ne robuste Reisetasche, ideal f\u00fcr Ihre Reisen, verf\u00fcgt \u00fcber ein gro\u00dfes Fach, in dem Sie Ihre Kleidung und das N\u00f6tigste f\u00fcr Ihre Reise aufbewahren k\u00f6nnen.<\/p>\n","protected":false},"featured_media":3391,"comment_status":"open","ping_status":"closed","template":"","meta":[],"product_cat":[28,16,25],"product_tag":[],"class_list":["post-3212","product","type-product","status-publish","has-post-thumbnail","hentry","product_cat-travelbag","product_cat-men","product_cat-travel-bag","pif-has-gallery"],"jetpack_sharing_enabled":true,"_links":{"self":[{"href":"https:\/\/www.maleatherdesign.com\/de\/wp-json\/wp\/v2\/product\/3212","targetHints":{"allow":["GET"]}}],"collection":[{"href":"https:\/\/www.maleatherdesign.com\/de\/wp-json\/wp\/v2\/product"}],"about":[{"href":"https:\/\/www.maleatherdesign.com\/de\/wp-json\/wp\/v2\/types\/product"}],"replies":[{"embeddable":true,"href":"https:\/\/www.maleatherdesign.com\/de\/wp-json\/wp\/v2\/comments?post=3212"}],"wp:featuredmedia":[{"embeddable":true,"href":"https:\/\/www.maleatherdesign.com\/de\/wp-json\/wp\/v2\/media\/3391"}],"wp:attachment":[{"href":"https:\/\/www.maleatherdesign.com\/de\/wp-json\/wp\/v2\/media?parent=3212"}],"wp:term":[{"taxonomy":"product_cat","embeddable":true,"href":"https:\/\/www.maleatherdesign.com\/de\/wp-json\/wp\/v2\/product_cat?post=3212"},{"taxonomy":"product_tag","embeddable":true,"href":"https:\/\/www.maleatherdesign.com\/de\/wp-json\/wp\/v2\/product_tag?post=3212"}],"curies":[{"name":"wp","href":"https:\/\/api.w.org\/{rel}","templated":true}]}}