{"id":3211,"date":"2019-02-27T00:25:39","date_gmt":"2019-02-27T00:25:39","guid":{"rendered":"https:\/\/maleatherdesign.com\/?post_type=product&#038;p=3211"},"modified":"2023-04-07T16:48:39","modified_gmt":"2023-04-07T16:48:39","slug":"sac-a-main-ma-017m","status":"publish","type":"product","link":"https:\/\/www.maleatherdesign.com\/de\/shop\/women\/handbag\/sac-a-main-ma-017m\/","title":{"rendered":"Trendy und stylish Handtasche"},"content":{"rendered":"<p><\/p>\n<ul>\n<li>Gr\u00f6\u00dfe: 33 x 27 x 12 cm (BxHxT)<\/li>\n<li>Farbe: Red | Green | Blue | Beige | Snake | Python | Grey<\/li>\n<li>Ledertyp: Rindleder\/Python<\/li>\n<li>Zwei Ledergriffe<\/li>\n<li>Tasche mit Rei\u00dfverschluss in der Tasche<\/li>\n<\/ul>\n<p><\/p>","protected":false},"excerpt":{"rendered":"<p>Schicke Handtasche aus echtem Leder mit trendigem und stilvollem &amp; Cool Design&#8220; &#8211; ideal f\u00fcr den t\u00e4glichen Gebrauch, Im ger\u00e4umigen Hauptabteil der Tasche befindet sich ein herausnehmbares Rei\u00dfverschlusstasche innerhalb der Tasche, die Sie in die Tasche stecken k\u00f6nnen. Ideal f\u00fcr verschiedene Anl\u00e4sse. in stilvollen, verschiedenen neuen Farben und Motive erh\u00e4ltlich.<\/p>\n","protected":false},"featured_media":3702,"comment_status":"open","ping_status":"closed","template":"","meta":[],"product_cat":[19],"product_tag":[],"class_list":["post-3211","product","type-product","status-publish","has-post-thumbnail","hentry","product_cat-handbag","pif-has-gallery"],"jetpack_sharing_enabled":true,"_links":{"self":[{"href":"https:\/\/www.maleatherdesign.com\/de\/wp-json\/wp\/v2\/product\/3211","targetHints":{"allow":["GET"]}}],"collection":[{"href":"https:\/\/www.maleatherdesign.com\/de\/wp-json\/wp\/v2\/product"}],"about":[{"href":"https:\/\/www.maleatherdesign.com\/de\/wp-json\/wp\/v2\/types\/product"}],"replies":[{"embeddable":true,"href":"https:\/\/www.maleatherdesign.com\/de\/wp-json\/wp\/v2\/comments?post=3211"}],"wp:featuredmedia":[{"embeddable":true,"href":"https:\/\/www.maleatherdesign.com\/de\/wp-json\/wp\/v2\/media\/3702"}],"wp:attachment":[{"href":"https:\/\/www.maleatherdesign.com\/de\/wp-json\/wp\/v2\/media?parent=3211"}],"wp:term":[{"taxonomy":"product_cat","embeddable":true,"href":"https:\/\/www.maleatherdesign.com\/de\/wp-json\/wp\/v2\/product_cat?post=3211"},{"taxonomy":"product_tag","embeddable":true,"href":"https:\/\/www.maleatherdesign.com\/de\/wp-json\/wp\/v2\/product_tag?post=3211"}],"curies":[{"name":"wp","href":"https:\/\/api.w.org\/{rel}","templated":true}]}}