{"id":3094,"date":"2019-02-21T14:57:31","date_gmt":"2019-02-21T14:57:31","guid":{"rendered":"https:\/\/maleatherdesign.com\/?post_type=product&#038;p=3094"},"modified":"2026-04-22T16:07:28","modified_gmt":"2026-04-22T16:07:28","slug":"cartable-ma-014c","status":"publish","type":"product","link":"https:\/\/www.maleatherdesign.com\/de\/shop\/women\/shoulder-bag\/cartable-ma-014c\/","title":{"rendered":"Satchel \/sac \u00e0 bandouli\u00e8re"},"content":{"rendered":"<p>\u2022 Gr\u00f6sse: 37x21x20 cm (BxHxT)<br \/>\n\u2022 Ledertyp: Rindleder<br \/>\n\u2022 Farbe: dunkelbraun<br \/>\n\u2022 Verstellbarer Schultergurt<\/p>\n<p>\u2022 Rei\u00dfverschlusstasche innerhalb der Tasche<br \/>\n\u2022 Klappenverschluss mit Schnalle<\/p>","protected":false},"excerpt":{"rendered":"<p>sac \u00e0 bandouli\u00e8re en cuir de vachette \u00e9quip\u00e9 de d&#8217;une bandouli\u00e8re cuir r\u00e9glable Id\u00e9al pour transporter vos documents, tablette ou un ordinateur portable 15 pouces.<\/p>\n","protected":false},"featured_media":3405,"comment_status":"open","ping_status":"closed","template":"","meta":[],"product_cat":[17,31,32,16,26,27],"product_tag":[],"class_list":["post-3094","product","type-product","status-publish","has-post-thumbnail","hentry","product_cat-women","product_cat-shoulder-bag","product_cat-satchel","product_cat-men","product_cat-shoulderbag","product_cat-satchels","pif-has-gallery"],"jetpack_sharing_enabled":true,"_links":{"self":[{"href":"https:\/\/www.maleatherdesign.com\/de\/wp-json\/wp\/v2\/product\/3094","targetHints":{"allow":["GET"]}}],"collection":[{"href":"https:\/\/www.maleatherdesign.com\/de\/wp-json\/wp\/v2\/product"}],"about":[{"href":"https:\/\/www.maleatherdesign.com\/de\/wp-json\/wp\/v2\/types\/product"}],"replies":[{"embeddable":true,"href":"https:\/\/www.maleatherdesign.com\/de\/wp-json\/wp\/v2\/comments?post=3094"}],"wp:featuredmedia":[{"embeddable":true,"href":"https:\/\/www.maleatherdesign.com\/de\/wp-json\/wp\/v2\/media\/3405"}],"wp:attachment":[{"href":"https:\/\/www.maleatherdesign.com\/de\/wp-json\/wp\/v2\/media?parent=3094"}],"wp:term":[{"taxonomy":"product_cat","embeddable":true,"href":"https:\/\/www.maleatherdesign.com\/de\/wp-json\/wp\/v2\/product_cat?post=3094"},{"taxonomy":"product_tag","embeddable":true,"href":"https:\/\/www.maleatherdesign.com\/de\/wp-json\/wp\/v2\/product_tag?post=3094"}],"curies":[{"name":"wp","href":"https:\/\/api.w.org\/{rel}","templated":true}]}}