{"id":3068,"date":"2018-11-23T14:15:40","date_gmt":"2018-11-23T14:15:40","guid":{"rendered":"https:\/\/maleatherdesign.com\/?post_type=product&#038;p=3068"},"modified":"2023-04-07T16:48:31","modified_gmt":"2023-04-07T16:48:31","slug":"sac-a-dos-ma-012d","status":"publish","type":"product","link":"https:\/\/www.maleatherdesign.com\/de\/shop\/women\/back-pack\/sac-a-dos-ma-012d\/","title":{"rendered":"Rucksack Partner"},"content":{"rendered":"<p>Sehr sch\u00f6ner und robuster Rucksack. 100% Rindsleder<\/p>\n<ul>\n<li>Abmessungen: 33 x 36 x 17 cm (HxHxT)<\/li>\n<li>Material: Rindleder<\/li>\n<li>Farbe: Brown | Naturel | Dark Brown<\/li>\n<li>Ein ger\u00e4umiges Fach mit Schnalle geschlossen<\/li>\n<li>Au\u00dfentasche vorne mit zwei Schnallenverschluss<\/li>\n<li>2 Au\u00dfentaschen auf beiden Seiten mit Schnallenverschluss<\/li>\n<li>Rei\u00dfverschlusstasche auf der R\u00fcckseite<\/li>\n<li>Verstellbare Schultergurte mit Schnallen<\/li>\n<li>Griff f\u00fcr die Hand<\/li>\n<\/ul>\n<p><\/p>","protected":false},"excerpt":{"rendered":"<p>Sehr sch\u00f6ner robuster Rucksack aus Rindsleder, verf\u00fcgt \u00fcber ein gro\u00dfes Fach, in dem Sie Ihre wichtigsten Dinge mitnehmen k\u00f6nnen, Ihr idealer Partner f\u00fcr Ihre Ausfl\u00fcge und Reisen.<\/p>\n","protected":false},"featured_media":3414,"comment_status":"open","ping_status":"closed","template":"","meta":[],"product_cat":[20,30,16,17],"product_tag":[],"class_list":["post-3068","product","type-product","status-publish","has-post-thumbnail","hentry","product_cat-backpack","product_cat-back-pack","product_cat-men","product_cat-women","pif-has-gallery"],"jetpack_sharing_enabled":true,"_links":{"self":[{"href":"https:\/\/www.maleatherdesign.com\/de\/wp-json\/wp\/v2\/product\/3068","targetHints":{"allow":["GET"]}}],"collection":[{"href":"https:\/\/www.maleatherdesign.com\/de\/wp-json\/wp\/v2\/product"}],"about":[{"href":"https:\/\/www.maleatherdesign.com\/de\/wp-json\/wp\/v2\/types\/product"}],"replies":[{"embeddable":true,"href":"https:\/\/www.maleatherdesign.com\/de\/wp-json\/wp\/v2\/comments?post=3068"}],"wp:featuredmedia":[{"embeddable":true,"href":"https:\/\/www.maleatherdesign.com\/de\/wp-json\/wp\/v2\/media\/3414"}],"wp:attachment":[{"href":"https:\/\/www.maleatherdesign.com\/de\/wp-json\/wp\/v2\/media?parent=3068"}],"wp:term":[{"taxonomy":"product_cat","embeddable":true,"href":"https:\/\/www.maleatherdesign.com\/de\/wp-json\/wp\/v2\/product_cat?post=3068"},{"taxonomy":"product_tag","embeddable":true,"href":"https:\/\/www.maleatherdesign.com\/de\/wp-json\/wp\/v2\/product_tag?post=3068"}],"curies":[{"name":"wp","href":"https:\/\/api.w.org\/{rel}","templated":true}]}}