{"id":3066,"date":"2018-11-23T13:53:15","date_gmt":"2018-11-23T13:53:15","guid":{"rendered":"https:\/\/maleatherdesign.com\/?post_type=product&#038;p=3066"},"modified":"2023-04-07T16:48:31","modified_gmt":"2023-04-07T16:48:31","slug":"sac-bandouliere-ma-011sm","status":"publish","type":"product","link":"https:\/\/www.maleatherdesign.com\/de\/shop\/women\/shoulder-bag\/sac-bandouliere-ma-011sm\/","title":{"rendered":"Leder\/Schulterbag"},"content":{"rendered":"<p>Schulter Ledertasche f\u00fcr Frauen<\/p>\n<ul>\n<li>Gr\u00f6\u00dfe: 30x33x8 cm (BxHxT)<\/li>\n<li>\u00a0Farbe: Braun<\/li>\n<li>\u00a0Art des Leders: Ziege<\/li>\n<li>\u00a0Gro\u00dfes Fach, kleine Rei\u00dfverschlusstasche in der Tasche<\/li>\n<li>\u00a0Rei\u00dfverschluss\u00f6ffnung oben<\/li>\n<li>Au\u00dfentasche mit Rei\u00dfverschluss<\/li>\n<li>\u00a0Verstellbarer Schultergurt abnehmbar mit Karabinerhaken<\/li>\n<li>\u00a02 Griffe f\u00fcr die Hand<\/li>\n<\/ul>\n<p><\/p>","protected":false},"excerpt":{"rendered":"<p>Sch\u00f6ne Handtasche verf\u00fcgt \u00fcber ein gro\u00dfes Fach, Ideal zum Tragen Ihrer wichtigsten Dinge f\u00fcr den t\u00e4glichen Gebrauch.<\/p>\n","protected":false},"featured_media":3423,"comment_status":"open","ping_status":"closed","template":"","meta":[],"product_cat":[31],"product_tag":[],"class_list":["post-3066","product","type-product","status-publish","has-post-thumbnail","hentry","product_cat-shoulder-bag","pif-has-gallery"],"jetpack_sharing_enabled":true,"_links":{"self":[{"href":"https:\/\/www.maleatherdesign.com\/de\/wp-json\/wp\/v2\/product\/3066","targetHints":{"allow":["GET"]}}],"collection":[{"href":"https:\/\/www.maleatherdesign.com\/de\/wp-json\/wp\/v2\/product"}],"about":[{"href":"https:\/\/www.maleatherdesign.com\/de\/wp-json\/wp\/v2\/types\/product"}],"replies":[{"embeddable":true,"href":"https:\/\/www.maleatherdesign.com\/de\/wp-json\/wp\/v2\/comments?post=3066"}],"wp:featuredmedia":[{"embeddable":true,"href":"https:\/\/www.maleatherdesign.com\/de\/wp-json\/wp\/v2\/media\/3423"}],"wp:attachment":[{"href":"https:\/\/www.maleatherdesign.com\/de\/wp-json\/wp\/v2\/media?parent=3066"}],"wp:term":[{"taxonomy":"product_cat","embeddable":true,"href":"https:\/\/www.maleatherdesign.com\/de\/wp-json\/wp\/v2\/product_cat?post=3066"},{"taxonomy":"product_tag","embeddable":true,"href":"https:\/\/www.maleatherdesign.com\/de\/wp-json\/wp\/v2\/product_tag?post=3066"}],"curies":[{"name":"wp","href":"https:\/\/api.w.org\/{rel}","templated":true}]}}