{"id":3053,"date":"2018-11-21T23:09:51","date_gmt":"2018-11-21T23:09:51","guid":{"rendered":"https:\/\/maleatherdesign.com\/?post_type=product&#038;p=3053"},"modified":"2019-02-25T19:54:10","modified_gmt":"2019-02-25T19:54:10","slug":"sac-a-dos-ma006sd","status":"publish","type":"product","link":"https:\/\/www.maleatherdesign.com\/de\/shop\/women\/back-pack\/sac-a-dos-ma006sd\/","title":{"rendered":"Rucksack Partner Rindleder"},"content":{"rendered":"<p>Sehr sch\u00f6ner und robuster Rucksack. 100% Rindsleder<\/p>\n<ul>\n<li>Abmessungen: 30 x 38 x 10 cm (HxHxT)<\/li>\n<li>\u00a0Material: Rindleder<\/li>\n<li>Farbe: Brown | Natural | Dark Brown<\/li>\n<li>Ein ger\u00e4umiges Fach mit zwei Schnallen<\/li>\n<li>Au\u00dfentasche vorne mit einem Schnallenverschluss<\/li>\n<li>Rei\u00dfverschlusstasche auf der R\u00fcckseite<\/li>\n<li>Verstellbare Schultergurte mit Schnallen<\/li>\n<li>Griff f\u00fcr die Hand<\/li>\n<\/ul>\n<p><\/p>","protected":false},"excerpt":{"rendered":"<p>obuster Rucksack, ideal zum Tragen aller wichtigen Dinge wie Kleidung, Dokumente, Laptop oder Tablet. Sie k\u00f6nnen ihn von Hand am Griff oder auf der R\u00fcckseite tragen. Dieser Sack ist aus einem sch\u00f6nen Vollnarbenleder gefertigt, ideal f\u00fcr Ihre Ausfl\u00fcge oder Reisen.<\/p>\n","protected":false},"featured_media":3418,"comment_status":"open","ping_status":"closed","template":"","meta":[],"product_cat":[17,30,16,20],"product_tag":[],"class_list":["post-3053","product","type-product","status-publish","has-post-thumbnail","hentry","product_cat-women","product_cat-back-pack","product_cat-men","product_cat-backpack","pif-has-gallery"],"jetpack_sharing_enabled":true,"_links":{"self":[{"href":"https:\/\/www.maleatherdesign.com\/de\/wp-json\/wp\/v2\/product\/3053","targetHints":{"allow":["GET"]}}],"collection":[{"href":"https:\/\/www.maleatherdesign.com\/de\/wp-json\/wp\/v2\/product"}],"about":[{"href":"https:\/\/www.maleatherdesign.com\/de\/wp-json\/wp\/v2\/types\/product"}],"replies":[{"embeddable":true,"href":"https:\/\/www.maleatherdesign.com\/de\/wp-json\/wp\/v2\/comments?post=3053"}],"wp:featuredmedia":[{"embeddable":true,"href":"https:\/\/www.maleatherdesign.com\/de\/wp-json\/wp\/v2\/media\/3418"}],"wp:attachment":[{"href":"https:\/\/www.maleatherdesign.com\/de\/wp-json\/wp\/v2\/media?parent=3053"}],"wp:term":[{"taxonomy":"product_cat","embeddable":true,"href":"https:\/\/www.maleatherdesign.com\/de\/wp-json\/wp\/v2\/product_cat?post=3053"},{"taxonomy":"product_tag","embeddable":true,"href":"https:\/\/www.maleatherdesign.com\/de\/wp-json\/wp\/v2\/product_tag?post=3053"}],"curies":[{"name":"wp","href":"https:\/\/api.w.org\/{rel}","templated":true}]}}