{"id":3051,"date":"2018-11-21T22:56:51","date_gmt":"2018-11-21T22:56:51","guid":{"rendered":"https:\/\/maleatherdesign.com\/?post_type=product&#038;p=3051"},"modified":"2020-02-27T13:10:39","modified_gmt":"2020-02-27T13:10:39","slug":"sac-a-main-ma004b","status":"publish","type":"product","link":"https:\/\/www.maleatherdesign.com\/de\/shop\/women\/travelbag\/sac-a-main-ma004b\/","title":{"rendered":"Geflochtene Schultertasche"},"content":{"rendered":"<p>Geflochtene Schultertasche aus Leder, stilvoll und praktisch<\/p>\n<ul>\n<li>\u00a0Ma\u00dfe: 38x 29 x 7 cm (LxHxT)<\/li>\n<li>Farbe schwarz<\/li>\n<li>\u00a0Leder Typ: weiches Ziegenleder<\/li>\n<li>\u00a0Klappenverschluss<\/li>\n<li>Verstellbarer Schultergurt<\/li>\n<li>\u00a04 Rei\u00dfverschluss-Fach in der Tasche<\/li>\n<li>\u00a0Textilfutter von sehr guter Qualit\u00e4t<\/li>\n<\/ul>\n<p><\/p>","protected":false},"excerpt":{"rendered":"<p>Geflochtene Lederumh\u00e4ngetasche elegant und praktisch. Diese Umh\u00e4ngetasche aus weichem Material mit sch\u00f6ner Flechtoptik ist Ihr idealer Partner f\u00fcr viele Gelegenheiten .<\/p>\n","protected":false},"featured_media":3357,"comment_status":"open","ping_status":"closed","template":"","meta":[],"product_cat":[16,26,28,17],"product_tag":[],"class_list":["post-3051","product","type-product","status-publish","has-post-thumbnail","hentry","product_cat-men","product_cat-shoulderbag","product_cat-travelbag","product_cat-women","pif-has-gallery"],"jetpack_sharing_enabled":true,"_links":{"self":[{"href":"https:\/\/www.maleatherdesign.com\/de\/wp-json\/wp\/v2\/product\/3051","targetHints":{"allow":["GET"]}}],"collection":[{"href":"https:\/\/www.maleatherdesign.com\/de\/wp-json\/wp\/v2\/product"}],"about":[{"href":"https:\/\/www.maleatherdesign.com\/de\/wp-json\/wp\/v2\/types\/product"}],"replies":[{"embeddable":true,"href":"https:\/\/www.maleatherdesign.com\/de\/wp-json\/wp\/v2\/comments?post=3051"}],"wp:featuredmedia":[{"embeddable":true,"href":"https:\/\/www.maleatherdesign.com\/de\/wp-json\/wp\/v2\/media\/3357"}],"wp:attachment":[{"href":"https:\/\/www.maleatherdesign.com\/de\/wp-json\/wp\/v2\/media?parent=3051"}],"wp:term":[{"taxonomy":"product_cat","embeddable":true,"href":"https:\/\/www.maleatherdesign.com\/de\/wp-json\/wp\/v2\/product_cat?post=3051"},{"taxonomy":"product_tag","embeddable":true,"href":"https:\/\/www.maleatherdesign.com\/de\/wp-json\/wp\/v2\/product_tag?post=3051"}],"curies":[{"name":"wp","href":"https:\/\/api.w.org\/{rel}","templated":true}]}}