{"id":3050,"date":"2018-11-21T22:38:31","date_gmt":"2018-11-21T22:38:31","guid":{"rendered":"https:\/\/maleatherdesign.com\/?post_type=product&#038;p=3050"},"modified":"2020-02-27T14:44:17","modified_gmt":"2020-02-27T14:44:17","slug":"cartabla-ma003c","status":"publish","type":"product","link":"https:\/\/www.maleatherdesign.com\/de\/shop\/women\/satchel\/cartabla-ma003c\/","title":{"rendered":"Aktentasche \/ Businesstasche"},"content":{"rendered":"<p><\/p>\n<ul>\n<li>\u00a0Aktentasche: L: 38xH: 28xP: 8 cm<\/li>\n<li>\u00a0Ledertyp: weiches ziegenleder<\/li>\n<li>Farbe: Brown | Black | Natural<\/li>\n<li>Verstellbarer Schultergurt<\/li>\n<li>Rei\u00dfverschluss-Fach innen<\/li>\n<li>Rei\u00dfverschluss\u00f6ffnung oben<\/li>\n<li>2 Tragegriffe<\/li>\n<\/ul>\n<p>&nbsp;<\/p>","protected":false},"excerpt":{"rendered":"<p>ktentasche aus weichem Ziegenleder mit einem Griff f\u00fcr die Hand und einem verstellbaren Schultergurt aus Leder f\u00fcr die Schulter, abnehmbar mit Karabinerhaken, hat eine Innentasche mit Rei\u00dfverschluss, das innere Teil ist mit gepolsterten Stoff bezogen, Ideal zum Tragen von Dokumenten und eines Tablets oder eines Laptops 14 Zoll.<\/p>\n","protected":false},"featured_media":3755,"comment_status":"open","ping_status":"closed","template":"","meta":[],"product_cat":[17,32,16,27],"product_tag":[],"class_list":["post-3050","product","type-product","status-publish","has-post-thumbnail","hentry","product_cat-women","product_cat-satchel","product_cat-men","product_cat-satchels","pif-has-gallery"],"jetpack_sharing_enabled":true,"_links":{"self":[{"href":"https:\/\/www.maleatherdesign.com\/de\/wp-json\/wp\/v2\/product\/3050","targetHints":{"allow":["GET"]}}],"collection":[{"href":"https:\/\/www.maleatherdesign.com\/de\/wp-json\/wp\/v2\/product"}],"about":[{"href":"https:\/\/www.maleatherdesign.com\/de\/wp-json\/wp\/v2\/types\/product"}],"replies":[{"embeddable":true,"href":"https:\/\/www.maleatherdesign.com\/de\/wp-json\/wp\/v2\/comments?post=3050"}],"wp:featuredmedia":[{"embeddable":true,"href":"https:\/\/www.maleatherdesign.com\/de\/wp-json\/wp\/v2\/media\/3755"}],"wp:attachment":[{"href":"https:\/\/www.maleatherdesign.com\/de\/wp-json\/wp\/v2\/media?parent=3050"}],"wp:term":[{"taxonomy":"product_cat","embeddable":true,"href":"https:\/\/www.maleatherdesign.com\/de\/wp-json\/wp\/v2\/product_cat?post=3050"},{"taxonomy":"product_tag","embeddable":true,"href":"https:\/\/www.maleatherdesign.com\/de\/wp-json\/wp\/v2\/product_tag?post=3050"}],"curies":[{"name":"wp","href":"https:\/\/api.w.org\/{rel}","templated":true}]}}