{"id":3987,"date":"2019-02-26T13:31:18","date_gmt":"2019-02-26T13:31:18","guid":{"rendered":"https:\/\/maleatherdesign.com\/?page_id=3987"},"modified":"2019-02-26T21:06:18","modified_gmt":"2019-02-26T21:06:18","slug":"reseller-area","status":"publish","type":"page","link":"https:\/\/www.maleatherdesign.com\/de\/about\/reseller-area\/","title":{"rendered":"H\u00e4ndlerbereich"},"content":{"rendered":"<p><\/p>\n<p style=\"text-align: center;\"><span style=\"font-size: 24px; color: #993300;\"><strong>Wiederverk\u00e4ufer\u00a0werden<\/strong><\/span><\/p>\n<p style=\"text-align: center;\"><em>Als Kunde von <strong>MA LEATHER DESIGN<\/strong>, ob Sie einen Shop haben, oder Sie haben einen Online-Shop, k\u00f6nnen wir eine nachhaltige <strong>Handelspartnerschaft\u00a0<\/strong> gew\u00e4hrleisten und bieten Ihnen das beste Produkt und Service.<\/em><\/p>\n<p style=\"text-align: center;\"><em>Wenn Sie einer unserer Wiederverk\u00e4ufer werden m\u00f6chten, f\u00fcllen Sie bitte das folgende Formular aus.<\/em><\/p>\n<p style=\"text-align: center;\"><em>Sobald wir Ihr Formular erhalten, werden wir Ihre Anfrage \u00fcberpr\u00fcfen und uns so schnell wie m\u00f6glich mit Ihnen in Verbindung setzen.<\/em><\/p>\n<p><em>Wir garantieren unseren Wiederverk\u00e4ufern die besten Vorteile auf dem Markt:<\/em><\/p>\n<ul>\n<li><strong><em>Preise und Angebote gelten nur f\u00fcr Wiederverk\u00e4ufer<\/em><\/strong><\/li>\n<li><strong><em>Kundenspezifische Werbeaktionen<\/em><\/strong><\/li>\n<li><strong><em>F\u00fcr Online-H\u00e4ndler die M\u00f6glichkeit, die Webdienste zu nutzen.<\/em><\/strong><\/li>\n<li><strong><em>Auftragsvorbereitung in 24\/48 Stunden aller verf\u00fcgbaren Produkte auf Lager<\/em><\/strong><\/li>\n<li><strong><em>Schneller Versand mit den besten Spediteuren der Welt<\/em><\/strong><\/li>\n<\/ul>\n<p><em>M\u00f6chten Sie Wiederverk\u00e4ufer werden oder unsere Produkte vertreiben?<\/em><\/p>\n<p><em>Kontaktieren Sie unseren Vertrieb<\/em><\/p>\n<p><em>Per E-Mail an info@darksalmon-cat-165380.hostingersite.com<\/em><\/p>\n<p><em>Telefonisch unter +21<\/em>2 6 27 71 79 61<\/p>","protected":false},"excerpt":{"rendered":"<p>Wiederverk\u00e4ufer\u00a0werden Als Kunde von MA LEATHER DESIGN, ob Sie einen Shop haben, oder Sie haben einen Online-Shop, k\u00f6nnen wir eine nachhaltige Handelspartnerschaft\u00a0 gew\u00e4hrleisten und bieten Ihnen das beste Produkt und Service. Wenn Sie einer unserer Wiederverk\u00e4ufer werden m\u00f6chten, f\u00fcllen Sie bitte das folgende Formular aus&#8230;.<\/p>\n","protected":false},"author":4,"featured_media":0,"parent":2892,"menu_order":6,"comment_status":"closed","ping_status":"closed","template":"","meta":{"footnotes":""},"class_list":["post-3987","page","type-page","status-publish","hentry"],"jetpack_sharing_enabled":true,"_links":{"self":[{"href":"https:\/\/www.maleatherdesign.com\/de\/wp-json\/wp\/v2\/pages\/3987","targetHints":{"allow":["GET"]}}],"collection":[{"href":"https:\/\/www.maleatherdesign.com\/de\/wp-json\/wp\/v2\/pages"}],"about":[{"href":"https:\/\/www.maleatherdesign.com\/de\/wp-json\/wp\/v2\/types\/page"}],"author":[{"embeddable":true,"href":"https:\/\/www.maleatherdesign.com\/de\/wp-json\/wp\/v2\/users\/4"}],"replies":[{"embeddable":true,"href":"https:\/\/www.maleatherdesign.com\/de\/wp-json\/wp\/v2\/comments?post=3987"}],"version-history":[{"count":3,"href":"https:\/\/www.maleatherdesign.com\/de\/wp-json\/wp\/v2\/pages\/3987\/revisions"}],"predecessor-version":[{"id":3996,"href":"https:\/\/www.maleatherdesign.com\/de\/wp-json\/wp\/v2\/pages\/3987\/revisions\/3996"}],"up":[{"embeddable":true,"href":"https:\/\/www.maleatherdesign.com\/de\/wp-json\/wp\/v2\/pages\/2892"}],"wp:attachment":[{"href":"https:\/\/www.maleatherdesign.com\/de\/wp-json\/wp\/v2\/media?parent=3987"}],"curies":[{"name":"wp","href":"https:\/\/api.w.org\/{rel}","templated":true}]}}