{"id":3980,"date":"2019-02-25T23:07:38","date_gmt":"2019-02-25T23:07:38","guid":{"rendered":"https:\/\/maleatherdesign.com\/?page_id=3980"},"modified":"2019-02-27T19:48:30","modified_gmt":"2019-02-27T19:48:30","slug":"customized-service","status":"publish","type":"page","link":"https:\/\/www.maleatherdesign.com\/de\/about\/customized-service\/","title":{"rendered":"Kundenspezifisch"},"content":{"rendered":"<div class=\"wpb-content-wrapper\"><p>[vc_row][vc_column width=&#8220;2\/3&#8243;][vc_column_text]<span style=\"font-size: 18px; color: #993300;\"><strong><em>Massgeschneiderte Fertigung \u00a0oder Konzeption einzigartiger Lederwaren<\/em><\/strong><\/span><\/p>\n<p><strong><em>\u00a0<\/em><\/strong>Neben dem Gro\u00df- und Einzelhandel unserer Kollektion bietet <strong>MA LEATHER DESIGN<\/strong> auch einen <strong>ma\u00dfgeschneiderten Service<\/strong> an, um eine Tasche oder Lederwaren nach Ihren W\u00fcnschen und Ihrer Wahl herzustellen.<\/p>\n<p>Sie sind eine <strong>Marke<\/strong>, ein <strong>Designer<\/strong> &#8230; Sie m\u00f6chten Taschen, Schultaschen, Brieftaschen oder andere Lederwaren herstellen.<\/p>\n<p>Sie haben <strong>Muster<\/strong> und m\u00f6chten andere <strong>Lederwaren<\/strong> herstellen<\/p>\n<p><strong>www.maleatherdesign.com<\/strong> begleitet Sie bei der Herstellung Ihrer Lederwaren Taschen, Ranzen, Portemonnaies usw. Wir werden eine <strong>einzigartige Anpassung<\/strong> an das Bild Ihrer Marke vorschlagen.<\/p>\n<p>Dieses erfordert ein besonderes Zuh\u00f6ren, um die Bed\u00fcrfnisse des Kunden gut zu erfassen und seine Ideen vollst\u00e4ndig zu verstehen.<\/p>\n<p>Unsere \u00fcber <strong>50-j\u00e4hrige Expertise<\/strong> im Bereich von Lederwaren steht unseren Kunden zur Verf\u00fcgung, um andere als die auf dem Markt befindlichen Alternativen zu suchen oder exklusive <strong>und originelle Objekte f\u00fcr ihre eigene Marke zu entwerfen und zu entwickeln<\/strong>.<\/p>\n<p>Wir haben einen gro\u00dfen Vorrat an verschiedenen Rohstoffen (Leder), um Ihre Anforderungen zu erf\u00fcllen. Wir begleiten Sie von der Produkterstellung bis zum Endprodukt. Jedes Detail kann individuell angepasst werden. Die Auswahl von <strong>Material, Einlagen, Farbe, \u00dcberz\u00fcgen, angepasster Konfiguration der Tragegriffe oder des Tascheninneren sowie weitere kleine Details,<\/strong> die den Unterschied ausmachen, sind entscheidend um Sie zu befriedigen.<\/p>\n<p><strong>Eine Partnerschaft<\/strong> mit unseren <strong>gewerblichen Kunden<\/strong> k\u00f6nnte eine bessere Qualit\u00e4t der Produkte sowie die Einhaltung der <strong>Fristen<\/strong> und die Anpassung an die angeforderten <strong>Mengen<\/strong> gew\u00e4hrleisten.<\/p>\n<p><strong>Wir\u00a0freuen\u00a0uns\u00a0auf eine\u00a0Partnerschaft\u00a0mit\u00a0Ihnen und z\u00e4hlen wir Sie Gerne zu unseren Kunden!<\/strong><\/p>\n<p><strong>F\u00fcr weitere Informationen kontaktieren Sie uns unter +212 6 27 71 79 61\u00a0<\/strong><br \/>\n<strong>oder info@darksalmon-cat-165380.hostingersite.com.<\/strong>[\/vc_column_text][\/vc_column][vc_column width=&#8220;1\/3&#8243;][\/vc_column][\/vc_row]<\/p>\n<\/div>","protected":false},"excerpt":{"rendered":"<p>[vc_row][vc_column width=&#8220;2\/3&#8243;][vc_column_text]Massgeschneiderte Fertigung \u00a0oder Konzeption einzigartiger Lederwaren \u00a0Neben dem Gro\u00df- und Einzelhandel unserer Kollektion bietet MA LEATHER DESIGN auch einen ma\u00dfgeschneiderten Service an, um eine Tasche oder Lederwaren nach Ihren W\u00fcnschen und Ihrer Wahl herzustellen. Sie sind eine Marke, ein Designer &#8230; Sie m\u00f6chten Taschen,&#8230;<\/p>\n","protected":false},"author":4,"featured_media":0,"parent":2892,"menu_order":5,"comment_status":"closed","ping_status":"closed","template":"","meta":{"footnotes":""},"class_list":["post-3980","page","type-page","status-publish","hentry"],"jetpack_sharing_enabled":true,"_links":{"self":[{"href":"https:\/\/www.maleatherdesign.com\/de\/wp-json\/wp\/v2\/pages\/3980","targetHints":{"allow":["GET"]}}],"collection":[{"href":"https:\/\/www.maleatherdesign.com\/de\/wp-json\/wp\/v2\/pages"}],"about":[{"href":"https:\/\/www.maleatherdesign.com\/de\/wp-json\/wp\/v2\/types\/page"}],"author":[{"embeddable":true,"href":"https:\/\/www.maleatherdesign.com\/de\/wp-json\/wp\/v2\/users\/4"}],"replies":[{"embeddable":true,"href":"https:\/\/www.maleatherdesign.com\/de\/wp-json\/wp\/v2\/comments?post=3980"}],"version-history":[{"count":8,"href":"https:\/\/www.maleatherdesign.com\/de\/wp-json\/wp\/v2\/pages\/3980\/revisions"}],"predecessor-version":[{"id":3993,"href":"https:\/\/www.maleatherdesign.com\/de\/wp-json\/wp\/v2\/pages\/3980\/revisions\/3993"}],"up":[{"embeddable":true,"href":"https:\/\/www.maleatherdesign.com\/de\/wp-json\/wp\/v2\/pages\/2892"}],"wp:attachment":[{"href":"https:\/\/www.maleatherdesign.com\/de\/wp-json\/wp\/v2\/media?parent=3980"}],"curies":[{"name":"wp","href":"https:\/\/api.w.org\/{rel}","templated":true}]}}