{"id":2912,"date":"2018-11-19T01:16:31","date_gmt":"2018-11-19T01:16:31","guid":{"rendered":"https:\/\/maleatherdesign.com\/?page_id=2912"},"modified":"2018-12-01T00:13:55","modified_gmt":"2018-12-01T00:13:55","slug":"sale-points","status":"publish","type":"page","link":"https:\/\/www.maleatherdesign.com\/de\/about\/sale-points\/","title":{"rendered":"Verkaufspunkt"},"content":{"rendered":"<div class=\"wpb-content-wrapper\"><p>[vc_row full_width=&#8220;stretch_row_content_no_spaces&#8220;][vc_column width=&#8220;1\/2&#8243;][vc_column_text css=&#8220;.vc_custom_1543622881801{margin-right: 50px !important;margin-left: 50px !important;}&#8220;]<strong>Unsere Galerie<\/strong> enth\u00e4lt hochwertige Damen- und Herren- Handtaschen, Rucks\u00e4cke, G\u00fcrtel, Reisetaschen und Brieftaschen von ausgezeichneter Qualit\u00e4t, aus hochwertigem professionell verarbeiteten Ziegen- und Rindleder, so dass es lange Zeit den schlechten Bedingungen standhalten k\u00f6nnte.<\/p>\n<p>Wir bieten Ihnen das ganze Jahr eine hochwertige Handarbeit-Kollektion von Lederprodukte f\u00fcr Gro\u00df- und Einzelhandel. Sie werden nie einen Artikel verpassen, der Ihrem Geschmack entspricht. Wir w\u00e4hlen daher die besten marokkanischen Kunsthandwerker aus und bieten ausschlie\u00dflich handgefertigte Produkte von herausragender Qualit\u00e4t und Verarbeitung zu den wettbewerbsf\u00e4higsten Preisen der Welt an.[\/vc_column_text][\/vc_column][vc_column width=&#8220;1\/2&#8243;][vc_single_image image=&#8220;3321&#8243; img_size=&#8220;full&#8220; alignment=&#8220;center&#8220; onclick=&#8220;zoom&#8220; css_animation=&#8220;fadeIn&#8220;][\/vc_column][\/vc_row]<\/p>\n<\/div>","protected":false},"excerpt":{"rendered":"<p>[vc_row full_width=&#8220;stretch_row_content_no_spaces&#8220;][vc_column width=&#8220;1\/2&#8243;][vc_column_text css=&#8220;.vc_custom_1543622881801{margin-right: 50px !important;margin-left: 50px !important;}&#8220;]Unsere Galerie enth\u00e4lt hochwertige Damen- und Herren- Handtaschen, Rucks\u00e4cke, G\u00fcrtel, Reisetaschen und Brieftaschen von ausgezeichneter Qualit\u00e4t, aus hochwertigem professionell verarbeiteten Ziegen- und Rindleder, so dass es lange Zeit den schlechten Bedingungen standhalten k\u00f6nnte. Wir bieten Ihnen das ganze&#8230;<\/p>\n","protected":false},"author":1,"featured_media":0,"parent":2892,"menu_order":3,"comment_status":"closed","ping_status":"closed","template":"","meta":{"footnotes":""},"class_list":["post-2912","page","type-page","status-publish","hentry"],"jetpack_sharing_enabled":true,"_links":{"self":[{"href":"https:\/\/www.maleatherdesign.com\/de\/wp-json\/wp\/v2\/pages\/2912","targetHints":{"allow":["GET"]}}],"collection":[{"href":"https:\/\/www.maleatherdesign.com\/de\/wp-json\/wp\/v2\/pages"}],"about":[{"href":"https:\/\/www.maleatherdesign.com\/de\/wp-json\/wp\/v2\/types\/page"}],"author":[{"embeddable":true,"href":"https:\/\/www.maleatherdesign.com\/de\/wp-json\/wp\/v2\/users\/1"}],"replies":[{"embeddable":true,"href":"https:\/\/www.maleatherdesign.com\/de\/wp-json\/wp\/v2\/comments?post=2912"}],"version-history":[{"count":8,"href":"https:\/\/www.maleatherdesign.com\/de\/wp-json\/wp\/v2\/pages\/2912\/revisions"}],"predecessor-version":[{"id":3324,"href":"https:\/\/www.maleatherdesign.com\/de\/wp-json\/wp\/v2\/pages\/2912\/revisions\/3324"}],"up":[{"embeddable":true,"href":"https:\/\/www.maleatherdesign.com\/de\/wp-json\/wp\/v2\/pages\/2892"}],"wp:attachment":[{"href":"https:\/\/www.maleatherdesign.com\/de\/wp-json\/wp\/v2\/media?parent=2912"}],"curies":[{"name":"wp","href":"https:\/\/api.w.org\/{rel}","templated":true}]}}