{"id":2897,"date":"2018-11-19T01:01:22","date_gmt":"2018-11-19T01:01:22","guid":{"rendered":"https:\/\/maleatherdesign.com\/?page_id=2897"},"modified":"2019-06-24T15:28:36","modified_gmt":"2019-06-24T15:28:36","slug":"our-expertise","status":"publish","type":"page","link":"https:\/\/www.maleatherdesign.com\/de\/about\/our-expertise\/","title":{"rendered":"Sachverstand"},"content":{"rendered":"<div class=\"wpb-content-wrapper\"><p>[vc_row full_width=&#8220;stretch_row_content_no_spaces&#8220;][vc_column width=&#8220;1\/2&#8243;][vc_empty_space height=&#8220;70px&#8220;][vc_column_text css=&#8220;.vc_custom_1544868100759{margin-right: 50px !important;margin-left: 50px !important;}&#8220;]<strong>Unser Know-how<\/strong> wird seit Generationen weitergegeben, wobei die gleichen Materialien verwendet werden und die gleichen Werkzeuge und gleiche handwerkliche Technik beibehalten werden. Das Leder, aus dem unsere Taschen, Umh\u00e4ngetaschen, Aktentasche, Geldbeutel und andere Artikel hergestellt werden, ist ein Leder von sehr guter Qualit\u00e4t, das in einer der \u00e4ltesten Gerbereien der Welt pflanzlich gegerbt wurde. Dieses Leder ist mit Naturprodukten in unseren Handwerkswerkst\u00e4tten in Fes get\u00f6nt.<\/p>\n<p>Die marokkanische Handwerkskunst konnte sich dank der Vielfalt der Formen, Muster und Farben des Handwerks an neue Trends und neue Designs anpassen. Marokkanische Handwerker bleiben jedoch stark in der traditionellen marokkanischen Handwerkskunst verankert, die seit Jahrhunderten vererbt wird.[\/vc_column_text][\/vc_column][vc_column width=&#8220;1\/2&#8243;][vc_gallery interval=&#8220;3&#8243; images=&#8220;4038,4057&#8243; img_size=&#8220;full&#8220;][\/vc_column][\/vc_row]<\/p>\n<\/div>","protected":false},"excerpt":{"rendered":"<p>[vc_row full_width=&#8220;stretch_row_content_no_spaces&#8220;][vc_column width=&#8220;1\/2&#8243;][vc_empty_space height=&#8220;70px&#8220;][vc_column_text css=&#8220;.vc_custom_1544868100759{margin-right: 50px !important;margin-left: 50px !important;}&#8220;]Unser Know-how wird seit Generationen weitergegeben, wobei die gleichen Materialien verwendet werden und die gleichen Werkzeuge und gleiche handwerkliche Technik beibehalten werden. Das Leder, aus dem unsere Taschen, Umh\u00e4ngetaschen, Aktentasche, Geldbeutel und andere Artikel hergestellt werden, ist&#8230;<\/p>\n","protected":false},"author":1,"featured_media":0,"parent":2892,"menu_order":2,"comment_status":"closed","ping_status":"closed","template":"","meta":{"footnotes":""},"class_list":["post-2897","page","type-page","status-publish","hentry"],"jetpack_sharing_enabled":true,"_links":{"self":[{"href":"https:\/\/www.maleatherdesign.com\/de\/wp-json\/wp\/v2\/pages\/2897","targetHints":{"allow":["GET"]}}],"collection":[{"href":"https:\/\/www.maleatherdesign.com\/de\/wp-json\/wp\/v2\/pages"}],"about":[{"href":"https:\/\/www.maleatherdesign.com\/de\/wp-json\/wp\/v2\/types\/page"}],"author":[{"embeddable":true,"href":"https:\/\/www.maleatherdesign.com\/de\/wp-json\/wp\/v2\/users\/1"}],"replies":[{"embeddable":true,"href":"https:\/\/www.maleatherdesign.com\/de\/wp-json\/wp\/v2\/comments?post=2897"}],"version-history":[{"count":7,"href":"https:\/\/www.maleatherdesign.com\/de\/wp-json\/wp\/v2\/pages\/2897\/revisions"}],"predecessor-version":[{"id":4144,"href":"https:\/\/www.maleatherdesign.com\/de\/wp-json\/wp\/v2\/pages\/2897\/revisions\/4144"}],"up":[{"embeddable":true,"href":"https:\/\/www.maleatherdesign.com\/de\/wp-json\/wp\/v2\/pages\/2892"}],"wp:attachment":[{"href":"https:\/\/www.maleatherdesign.com\/de\/wp-json\/wp\/v2\/media?parent=2897"}],"curies":[{"name":"wp","href":"https:\/\/api.w.org\/{rel}","templated":true}]}}